{"id":817321,"date":"2026-03-31T18:05:39","date_gmt":"2026-03-31T17:05:39","guid":{"rendered":"https:\/\/www.mbway.pt\/?page_id=817321"},"modified":"2026-04-02T16:49:13","modified_gmt":"2026-04-02T15:49:13","slug":"participating-banks-app","status":"publish","type":"page","link":"https:\/\/www.mbway.pt\/en\/participating-banks-app\/","title":{"rendered":"Bancos Aderentes APP EN"},"content":{"rendered":"","protected":false},"excerpt":{"rendered":"","protected":false},"author":1,"featured_media":0,"parent":0,"menu_order":0,"comment_status":"closed","ping_status":"closed","template":"template-APP-Bancos-EN.php","meta":{"_acf_changed":false,"inline_featured_image":false,"footnotes":""},"class_list":["post-817321","page","type-page","status-publish"],"acf":[],"yoast_head":"<!-- This site is optimized with the Yoast SEO Premium plugin v26.9 (Yoast SEO v26.9) - https:\/\/yoast.com\/product\/yoast-seo-premium-wordpress\/ -->\n<title>Bancos Aderentes APP EN - MB WAY<\/title>\n<meta name=\"description\" content=\"MB WAY s\u00e3o as suas compras e transfer\u00eancias imediatas no mesmo s\u00edtio: no seu telem\u00f3vel. Nesta p\u00e1gina saiba tudo sobre: Bancos Aderentes APP EN\" \/>\n<meta name=\"robots\" content=\"index, follow, max-snippet:-1, max-image-preview:large, max-video-preview:-1\" \/>\n<link rel=\"canonical\" href=\"https:\/\/www.mbway.pt\/en\/participating-banks-app\/\" \/>\n<meta property=\"og:locale\" content=\"en_US\" \/>\n<meta property=\"og:type\" content=\"article\" \/>\n<meta property=\"og:title\" content=\"Bancos Aderentes APP EN\" \/>\n<meta property=\"og:description\" content=\"MB WAY s\u00e3o as suas compras e transfer\u00eancias imediatas no mesmo s\u00edtio: no seu telem\u00f3vel. Nesta p\u00e1gina saiba tudo sobre: Bancos Aderentes APP EN\" \/>\n<meta property=\"og:url\" content=\"https:\/\/www.mbway.pt\/en\/participating-banks-app\/\" \/>\n<meta property=\"og:site_name\" content=\"MB WAY\" \/>\n<meta property=\"article:publisher\" content=\"https:\/\/pt-pt.facebook.com\/mbwaymbnet\/\" \/>\n<meta property=\"article:modified_time\" content=\"2026-04-02T15:49:13+00:00\" \/>\n<meta name=\"twitter:card\" content=\"summary_large_image\" \/>\n<script type=\"application\/ld+json\" class=\"yoast-schema-graph\">{\"@context\":\"https:\/\/schema.org\",\"@graph\":[{\"@type\":\"WebPage\",\"@id\":\"https:\/\/www.mbway.pt\/en\/participating-banks-app\/\",\"url\":\"https:\/\/www.mbway.pt\/en\/participating-banks-app\/\",\"name\":\"Bancos Aderentes APP EN - MB WAY\",\"isPartOf\":{\"@id\":\"https:\/\/www.mbway.pt\/#website\"},\"datePublished\":\"2026-03-31T17:05:39+00:00\",\"dateModified\":\"2026-04-02T15:49:13+00:00\",\"description\":\"MB WAY s\u00e3o as suas compras e transfer\u00eancias imediatas no mesmo s\u00edtio: no seu telem\u00f3vel. Nesta p\u00e1gina saiba tudo sobre: Bancos Aderentes APP EN\",\"breadcrumb\":{\"@id\":\"https:\/\/www.mbway.pt\/en\/participating-banks-app\/#breadcrumb\"},\"inLanguage\":\"en-US\",\"potentialAction\":[{\"@type\":\"ReadAction\",\"target\":[\"https:\/\/www.mbway.pt\/en\/participating-banks-app\/\"]}]},{\"@type\":\"BreadcrumbList\",\"@id\":\"https:\/\/www.mbway.pt\/en\/participating-banks-app\/#breadcrumb\",\"itemListElement\":[{\"@type\":\"ListItem\",\"position\":1,\"name\":\"In\u00edcio\",\"item\":\"https:\/\/www.mbway.pt\/\"},{\"@type\":\"ListItem\",\"position\":2,\"name\":\"Bancos Aderentes APP EN\"}]},{\"@type\":\"WebSite\",\"@id\":\"https:\/\/www.mbway.pt\/#website\",\"url\":\"https:\/\/www.mbway.pt\/\",\"name\":\"MB WAY\",\"description\":\"Site MB WAY\",\"publisher\":{\"@id\":\"https:\/\/www.mbway.pt\/#organization\"},\"potentialAction\":[{\"@type\":\"SearchAction\",\"target\":{\"@type\":\"EntryPoint\",\"urlTemplate\":\"https:\/\/www.mbway.pt\/?s={search_term_string}\"},\"query-input\":{\"@type\":\"PropertyValueSpecification\",\"valueRequired\":true,\"valueName\":\"search_term_string\"}}],\"inLanguage\":\"en-US\"},{\"@type\":\"Organization\",\"@id\":\"https:\/\/www.mbway.pt\/#organization\",\"name\":\"MB WAY\",\"url\":\"https:\/\/www.mbway.pt\/\",\"logo\":{\"@type\":\"ImageObject\",\"inLanguage\":\"en-US\",\"@id\":\"https:\/\/www.mbway.pt\/#\/schema\/logo\/image\/\",\"url\":\"https:\/\/www.mbway.pt\/wp-content\/uploads\/2020\/07\/Logo_MBWay.png\",\"contentUrl\":\"https:\/\/www.mbway.pt\/wp-content\/uploads\/2020\/07\/Logo_MBWay.png\",\"width\":146,\"height\":72,\"caption\":\"MB WAY\"},\"image\":{\"@id\":\"https:\/\/www.mbway.pt\/#\/schema\/logo\/image\/\"},\"sameAs\":[\"https:\/\/pt-pt.facebook.com\/mbwaymbnet\/\"]}]}<\/script>\n<!-- \/ Yoast SEO Premium plugin. -->","yoast_head_json":{"title":"Bancos Aderentes APP EN - MB WAY","description":"MB WAY s\u00e3o as suas compras e transfer\u00eancias imediatas no mesmo s\u00edtio: no seu telem\u00f3vel. Nesta p\u00e1gina saiba tudo sobre: Bancos Aderentes APP EN","robots":{"index":"index","follow":"follow","max-snippet":"max-snippet:-1","max-image-preview":"max-image-preview:large","max-video-preview":"max-video-preview:-1"},"canonical":"https:\/\/www.mbway.pt\/en\/participating-banks-app\/","og_locale":"en_US","og_type":"article","og_title":"Bancos Aderentes APP EN","og_description":"MB WAY s\u00e3o as suas compras e transfer\u00eancias imediatas no mesmo s\u00edtio: no seu telem\u00f3vel. Nesta p\u00e1gina saiba tudo sobre: Bancos Aderentes APP EN","og_url":"https:\/\/www.mbway.pt\/en\/participating-banks-app\/","og_site_name":"MB WAY","article_publisher":"https:\/\/pt-pt.facebook.com\/mbwaymbnet\/","article_modified_time":"2026-04-02T15:49:13+00:00","twitter_card":"summary_large_image","schema":{"@context":"https:\/\/schema.org","@graph":[{"@type":"WebPage","@id":"https:\/\/www.mbway.pt\/en\/participating-banks-app\/","url":"https:\/\/www.mbway.pt\/en\/participating-banks-app\/","name":"Bancos Aderentes APP EN - MB WAY","isPartOf":{"@id":"https:\/\/www.mbway.pt\/#website"},"datePublished":"2026-03-31T17:05:39+00:00","dateModified":"2026-04-02T15:49:13+00:00","description":"MB WAY s\u00e3o as suas compras e transfer\u00eancias imediatas no mesmo s\u00edtio: no seu telem\u00f3vel. Nesta p\u00e1gina saiba tudo sobre: Bancos Aderentes APP EN","breadcrumb":{"@id":"https:\/\/www.mbway.pt\/en\/participating-banks-app\/#breadcrumb"},"inLanguage":"en-US","potentialAction":[{"@type":"ReadAction","target":["https:\/\/www.mbway.pt\/en\/participating-banks-app\/"]}]},{"@type":"BreadcrumbList","@id":"https:\/\/www.mbway.pt\/en\/participating-banks-app\/#breadcrumb","itemListElement":[{"@type":"ListItem","position":1,"name":"In\u00edcio","item":"https:\/\/www.mbway.pt\/"},{"@type":"ListItem","position":2,"name":"Bancos Aderentes APP EN"}]},{"@type":"WebSite","@id":"https:\/\/www.mbway.pt\/#website","url":"https:\/\/www.mbway.pt\/","name":"MB WAY","description":"Site MB WAY","publisher":{"@id":"https:\/\/www.mbway.pt\/#organization"},"potentialAction":[{"@type":"SearchAction","target":{"@type":"EntryPoint","urlTemplate":"https:\/\/www.mbway.pt\/?s={search_term_string}"},"query-input":{"@type":"PropertyValueSpecification","valueRequired":true,"valueName":"search_term_string"}}],"inLanguage":"en-US"},{"@type":"Organization","@id":"https:\/\/www.mbway.pt\/#organization","name":"MB WAY","url":"https:\/\/www.mbway.pt\/","logo":{"@type":"ImageObject","inLanguage":"en-US","@id":"https:\/\/www.mbway.pt\/#\/schema\/logo\/image\/","url":"https:\/\/www.mbway.pt\/wp-content\/uploads\/2020\/07\/Logo_MBWay.png","contentUrl":"https:\/\/www.mbway.pt\/wp-content\/uploads\/2020\/07\/Logo_MBWay.png","width":146,"height":72,"caption":"MB WAY"},"image":{"@id":"https:\/\/www.mbway.pt\/#\/schema\/logo\/image\/"},"sameAs":["https:\/\/pt-pt.facebook.com\/mbwaymbnet\/"]}]}},"publishpress_future_workflow_manual_trigger":{"enabledWorkflows":[]},"_links":{"self":[{"href":"https:\/\/www.mbway.pt\/en\/wp-json\/wp\/v2\/pages\/817321","targetHints":{"allow":["GET"]}}],"collection":[{"href":"https:\/\/www.mbway.pt\/en\/wp-json\/wp\/v2\/pages"}],"about":[{"href":"https:\/\/www.mbway.pt\/en\/wp-json\/wp\/v2\/types\/page"}],"author":[{"embeddable":true,"href":"https:\/\/www.mbway.pt\/en\/wp-json\/wp\/v2\/users\/1"}],"replies":[{"embeddable":true,"href":"https:\/\/www.mbway.pt\/en\/wp-json\/wp\/v2\/comments?post=817321"}],"version-history":[{"count":8,"href":"https:\/\/www.mbway.pt\/en\/wp-json\/wp\/v2\/pages\/817321\/revisions"}],"predecessor-version":[{"id":817386,"href":"https:\/\/www.mbway.pt\/en\/wp-json\/wp\/v2\/pages\/817321\/revisions\/817386"}],"wp:attachment":[{"href":"https:\/\/www.mbway.pt\/en\/wp-json\/wp\/v2\/media?parent=817321"}],"curies":[{"name":"wp","href":"https:\/\/api.w.org\/{rel}","templated":true}]}}