{"id":817721,"date":"2020-11-03T18:25:14","date_gmt":"2020-11-03T18:25:14","guid":{"rendered":"https:\/\/www.mbway.pt\/lojas-online-app\/"},"modified":"2026-04-08T18:17:12","modified_gmt":"2026-04-08T17:17:12","slug":"participating-online-stores-app","status":"publish","type":"page","link":"https:\/\/www.mbway.pt\/en\/participating-online-stores-app\/","title":{"rendered":"Lojas Online APP"},"content":{"rendered":"","protected":false},"excerpt":{"rendered":"","protected":false},"author":71,"featured_media":0,"parent":0,"menu_order":0,"comment_status":"closed","ping_status":"closed","template":"template-APP-lojas-online-pt-en.php","meta":{"_acf_changed":false,"inline_featured_image":false,"footnotes":""},"class_list":["post-817721","page","type-page","status-publish"],"acf":[],"yoast_head":"<!-- This site is optimized with the Yoast SEO Premium plugin v26.9 (Yoast SEO v26.9) - https:\/\/yoast.com\/product\/yoast-seo-premium-wordpress\/ -->\n<title>Lojas Online APP - MB WAY<\/title>\n<meta name=\"description\" content=\"MB WAY s\u00e3o as suas compras e transfer\u00eancias imediatas no mesmo s\u00edtio: no seu telem\u00f3vel. Nesta p\u00e1gina saiba tudo sobre: Lojas Online APP\" \/>\n<meta name=\"robots\" content=\"noindex, nofollow\" \/>\n<meta property=\"og:locale\" content=\"en_US\" \/>\n<meta property=\"og:type\" content=\"article\" \/>\n<meta property=\"og:title\" content=\"Lojas Online APP\" \/>\n<meta property=\"og:description\" content=\"MB WAY s\u00e3o as suas compras e transfer\u00eancias imediatas no mesmo s\u00edtio: no seu telem\u00f3vel. Nesta p\u00e1gina saiba tudo sobre: Lojas Online APP\" \/>\n<meta property=\"og:url\" content=\"https:\/\/www.mbway.pt\/en\/participating-online-stores-app\/\" \/>\n<meta property=\"og:site_name\" content=\"MB WAY\" \/>\n<meta property=\"article:publisher\" content=\"https:\/\/pt-pt.facebook.com\/mbwaymbnet\/\" \/>\n<meta property=\"article:modified_time\" content=\"2026-04-08T17:17:12+00:00\" \/>\n<meta name=\"twitter:card\" content=\"summary_large_image\" \/>\n<script type=\"application\/ld+json\" class=\"yoast-schema-graph\">{\"@context\":\"https:\/\/schema.org\",\"@graph\":[{\"@type\":\"WebPage\",\"@id\":\"https:\/\/www.mbway.pt\/en\/participating-online-stores-app\/\",\"url\":\"https:\/\/www.mbway.pt\/en\/participating-online-stores-app\/\",\"name\":\"Lojas Online APP - MB WAY\",\"isPartOf\":{\"@id\":\"https:\/\/www.mbway.pt\/#website\"},\"datePublished\":\"2020-11-03T18:25:14+00:00\",\"dateModified\":\"2026-04-08T17:17:12+00:00\",\"description\":\"MB WAY s\u00e3o as suas compras e transfer\u00eancias imediatas no mesmo s\u00edtio: no seu telem\u00f3vel. Nesta p\u00e1gina saiba tudo sobre: Lojas Online APP\",\"breadcrumb\":{\"@id\":\"https:\/\/www.mbway.pt\/en\/participating-online-stores-app\/#breadcrumb\"},\"inLanguage\":\"en-US\",\"potentialAction\":[{\"@type\":\"ReadAction\",\"target\":[\"https:\/\/www.mbway.pt\/en\/participating-online-stores-app\/\"]}]},{\"@type\":\"BreadcrumbList\",\"@id\":\"https:\/\/www.mbway.pt\/en\/participating-online-stores-app\/#breadcrumb\",\"itemListElement\":[{\"@type\":\"ListItem\",\"position\":1,\"name\":\"In\u00edcio\",\"item\":\"https:\/\/www.mbway.pt\/\"},{\"@type\":\"ListItem\",\"position\":2,\"name\":\"Lojas Online APP\"}]},{\"@type\":\"WebSite\",\"@id\":\"https:\/\/www.mbway.pt\/#website\",\"url\":\"https:\/\/www.mbway.pt\/\",\"name\":\"MB WAY\",\"description\":\"Site MB WAY\",\"publisher\":{\"@id\":\"https:\/\/www.mbway.pt\/#organization\"},\"potentialAction\":[{\"@type\":\"SearchAction\",\"target\":{\"@type\":\"EntryPoint\",\"urlTemplate\":\"https:\/\/www.mbway.pt\/?s={search_term_string}\"},\"query-input\":{\"@type\":\"PropertyValueSpecification\",\"valueRequired\":true,\"valueName\":\"search_term_string\"}}],\"inLanguage\":\"en-US\"},{\"@type\":\"Organization\",\"@id\":\"https:\/\/www.mbway.pt\/#organization\",\"name\":\"MB WAY\",\"url\":\"https:\/\/www.mbway.pt\/\",\"logo\":{\"@type\":\"ImageObject\",\"inLanguage\":\"en-US\",\"@id\":\"https:\/\/www.mbway.pt\/#\/schema\/logo\/image\/\",\"url\":\"https:\/\/www.mbway.pt\/wp-content\/uploads\/2020\/07\/Logo_MBWay.png\",\"contentUrl\":\"https:\/\/www.mbway.pt\/wp-content\/uploads\/2020\/07\/Logo_MBWay.png\",\"width\":146,\"height\":72,\"caption\":\"MB WAY\"},\"image\":{\"@id\":\"https:\/\/www.mbway.pt\/#\/schema\/logo\/image\/\"},\"sameAs\":[\"https:\/\/pt-pt.facebook.com\/mbwaymbnet\/\"]}]}<\/script>\n<!-- \/ Yoast SEO Premium plugin. -->","yoast_head_json":{"title":"Lojas Online APP - MB WAY","description":"MB WAY s\u00e3o as suas compras e transfer\u00eancias imediatas no mesmo s\u00edtio: no seu telem\u00f3vel. Nesta p\u00e1gina saiba tudo sobre: Lojas Online APP","robots":{"index":"noindex","follow":"nofollow"},"og_locale":"en_US","og_type":"article","og_title":"Lojas Online APP","og_description":"MB WAY s\u00e3o as suas compras e transfer\u00eancias imediatas no mesmo s\u00edtio: no seu telem\u00f3vel. Nesta p\u00e1gina saiba tudo sobre: Lojas Online APP","og_url":"https:\/\/www.mbway.pt\/en\/participating-online-stores-app\/","og_site_name":"MB WAY","article_publisher":"https:\/\/pt-pt.facebook.com\/mbwaymbnet\/","article_modified_time":"2026-04-08T17:17:12+00:00","twitter_card":"summary_large_image","schema":{"@context":"https:\/\/schema.org","@graph":[{"@type":"WebPage","@id":"https:\/\/www.mbway.pt\/en\/participating-online-stores-app\/","url":"https:\/\/www.mbway.pt\/en\/participating-online-stores-app\/","name":"Lojas Online APP - MB WAY","isPartOf":{"@id":"https:\/\/www.mbway.pt\/#website"},"datePublished":"2020-11-03T18:25:14+00:00","dateModified":"2026-04-08T17:17:12+00:00","description":"MB WAY s\u00e3o as suas compras e transfer\u00eancias imediatas no mesmo s\u00edtio: no seu telem\u00f3vel. Nesta p\u00e1gina saiba tudo sobre: Lojas Online APP","breadcrumb":{"@id":"https:\/\/www.mbway.pt\/en\/participating-online-stores-app\/#breadcrumb"},"inLanguage":"en-US","potentialAction":[{"@type":"ReadAction","target":["https:\/\/www.mbway.pt\/en\/participating-online-stores-app\/"]}]},{"@type":"BreadcrumbList","@id":"https:\/\/www.mbway.pt\/en\/participating-online-stores-app\/#breadcrumb","itemListElement":[{"@type":"ListItem","position":1,"name":"In\u00edcio","item":"https:\/\/www.mbway.pt\/"},{"@type":"ListItem","position":2,"name":"Lojas Online APP"}]},{"@type":"WebSite","@id":"https:\/\/www.mbway.pt\/#website","url":"https:\/\/www.mbway.pt\/","name":"MB WAY","description":"Site MB WAY","publisher":{"@id":"https:\/\/www.mbway.pt\/#organization"},"potentialAction":[{"@type":"SearchAction","target":{"@type":"EntryPoint","urlTemplate":"https:\/\/www.mbway.pt\/?s={search_term_string}"},"query-input":{"@type":"PropertyValueSpecification","valueRequired":true,"valueName":"search_term_string"}}],"inLanguage":"en-US"},{"@type":"Organization","@id":"https:\/\/www.mbway.pt\/#organization","name":"MB WAY","url":"https:\/\/www.mbway.pt\/","logo":{"@type":"ImageObject","inLanguage":"en-US","@id":"https:\/\/www.mbway.pt\/#\/schema\/logo\/image\/","url":"https:\/\/www.mbway.pt\/wp-content\/uploads\/2020\/07\/Logo_MBWay.png","contentUrl":"https:\/\/www.mbway.pt\/wp-content\/uploads\/2020\/07\/Logo_MBWay.png","width":146,"height":72,"caption":"MB WAY"},"image":{"@id":"https:\/\/www.mbway.pt\/#\/schema\/logo\/image\/"},"sameAs":["https:\/\/pt-pt.facebook.com\/mbwaymbnet\/"]}]}},"publishpress_future_workflow_manual_trigger":{"enabledWorkflows":[]},"_links":{"self":[{"href":"https:\/\/www.mbway.pt\/en\/wp-json\/wp\/v2\/pages\/817721","targetHints":{"allow":["GET"]}}],"collection":[{"href":"https:\/\/www.mbway.pt\/en\/wp-json\/wp\/v2\/pages"}],"about":[{"href":"https:\/\/www.mbway.pt\/en\/wp-json\/wp\/v2\/types\/page"}],"author":[{"embeddable":true,"href":"https:\/\/www.mbway.pt\/en\/wp-json\/wp\/v2\/users\/71"}],"replies":[{"embeddable":true,"href":"https:\/\/www.mbway.pt\/en\/wp-json\/wp\/v2\/comments?post=817721"}],"version-history":[{"count":1,"href":"https:\/\/www.mbway.pt\/en\/wp-json\/wp\/v2\/pages\/817721\/revisions"}],"predecessor-version":[{"id":817842,"href":"https:\/\/www.mbway.pt\/en\/wp-json\/wp\/v2\/pages\/817721\/revisions\/817842"}],"wp:attachment":[{"href":"https:\/\/www.mbway.pt\/en\/wp-json\/wp\/v2\/media?parent=817721"}],"curies":[{"name":"wp","href":"https:\/\/api.w.org\/{rel}","templated":true}]}}