{"id":817274,"date":"2020-10-31T10:30:33","date_gmt":"2020-10-31T10:30:33","guid":{"rendered":"https:\/\/www.mbway.pt\/bancos-aderentes-app\/"},"modified":"2026-03-31T17:35:42","modified_gmt":"2026-03-31T16:35:42","slug":"participating-banks-app","status":"publish","type":"page","link":"https:\/\/www.mbway.pt\/pt\/participating-banks-app\/","title":{"rendered":"Bancos Aderentes APP"},"content":{"rendered":"","protected":false},"excerpt":{"rendered":"","protected":false},"author":71,"featured_media":0,"parent":0,"menu_order":0,"comment_status":"closed","ping_status":"closed","template":"template-APP-Bancos.php","meta":{"_acf_changed":false,"inline_featured_image":false,"footnotes":""},"class_list":["post-817274","page","type-page","status-publish"],"acf":[],"yoast_head":"<!-- This site is optimized with the Yoast SEO Premium plugin v26.9 (Yoast SEO v26.9) - https:\/\/yoast.com\/product\/yoast-seo-premium-wordpress\/ -->\n<title>Bancos Aderentes APP - MB WAY<\/title>\n<meta name=\"description\" content=\"MB WAY s\u00e3o as suas compras e transfer\u00eancias imediatas no mesmo s\u00edtio: no seu telem\u00f3vel. Nesta p\u00e1gina saiba tudo sobre: Bancos Aderentes APP\" \/>\n<meta name=\"robots\" content=\"noindex, nofollow\" \/>\n<meta property=\"og:locale\" content=\"pt_PT\" \/>\n<meta property=\"og:type\" content=\"article\" \/>\n<meta property=\"og:title\" content=\"Bancos Aderentes APP\" \/>\n<meta property=\"og:description\" content=\"MB WAY s\u00e3o as suas compras e transfer\u00eancias imediatas no mesmo s\u00edtio: no seu telem\u00f3vel. Nesta p\u00e1gina saiba tudo sobre: Bancos Aderentes APP\" \/>\n<meta property=\"og:url\" content=\"https:\/\/www.mbway.pt\/pt\/participating-banks-app\/\" \/>\n<meta property=\"og:site_name\" content=\"MB WAY\" \/>\n<meta property=\"article:publisher\" content=\"https:\/\/pt-pt.facebook.com\/mbwaymbnet\/\" \/>\n<meta property=\"article:modified_time\" content=\"2026-03-31T16:35:42+00:00\" \/>\n<meta name=\"twitter:card\" content=\"summary_large_image\" \/>\n<script type=\"application\/ld+json\" class=\"yoast-schema-graph\">{\"@context\":\"https:\/\/schema.org\",\"@graph\":[{\"@type\":\"WebPage\",\"@id\":\"https:\/\/www.mbway.pt\/pt\/participating-banks-app\/\",\"url\":\"https:\/\/www.mbway.pt\/pt\/participating-banks-app\/\",\"name\":\"Bancos Aderentes APP - MB WAY\",\"isPartOf\":{\"@id\":\"https:\/\/www.mbway.pt\/#website\"},\"datePublished\":\"2020-10-31T10:30:33+00:00\",\"dateModified\":\"2026-03-31T16:35:42+00:00\",\"description\":\"MB WAY s\u00e3o as suas compras e transfer\u00eancias imediatas no mesmo s\u00edtio: no seu telem\u00f3vel. Nesta p\u00e1gina saiba tudo sobre: Bancos Aderentes APP\",\"breadcrumb\":{\"@id\":\"https:\/\/www.mbway.pt\/pt\/participating-banks-app\/#breadcrumb\"},\"inLanguage\":\"pt\",\"potentialAction\":[{\"@type\":\"ReadAction\",\"target\":[\"https:\/\/www.mbway.pt\/pt\/participating-banks-app\/\"]}]},{\"@type\":\"BreadcrumbList\",\"@id\":\"https:\/\/www.mbway.pt\/pt\/participating-banks-app\/#breadcrumb\",\"itemListElement\":[{\"@type\":\"ListItem\",\"position\":1,\"name\":\"In\u00edcio\",\"item\":\"https:\/\/www.mbway.pt\/\"},{\"@type\":\"ListItem\",\"position\":2,\"name\":\"Bancos Aderentes APP\"}]},{\"@type\":\"WebSite\",\"@id\":\"https:\/\/www.mbway.pt\/#website\",\"url\":\"https:\/\/www.mbway.pt\/\",\"name\":\"MB WAY\",\"description\":\"Site MB WAY\",\"publisher\":{\"@id\":\"https:\/\/www.mbway.pt\/#organization\"},\"potentialAction\":[{\"@type\":\"SearchAction\",\"target\":{\"@type\":\"EntryPoint\",\"urlTemplate\":\"https:\/\/www.mbway.pt\/?s={search_term_string}\"},\"query-input\":{\"@type\":\"PropertyValueSpecification\",\"valueRequired\":true,\"valueName\":\"search_term_string\"}}],\"inLanguage\":\"pt\"},{\"@type\":\"Organization\",\"@id\":\"https:\/\/www.mbway.pt\/#organization\",\"name\":\"MB WAY\",\"url\":\"https:\/\/www.mbway.pt\/\",\"logo\":{\"@type\":\"ImageObject\",\"inLanguage\":\"pt\",\"@id\":\"https:\/\/www.mbway.pt\/#\/schema\/logo\/image\/\",\"url\":\"https:\/\/www.mbway.pt\/wp-content\/uploads\/2020\/07\/Logo_MBWay.png\",\"contentUrl\":\"https:\/\/www.mbway.pt\/wp-content\/uploads\/2020\/07\/Logo_MBWay.png\",\"width\":146,\"height\":72,\"caption\":\"MB WAY\"},\"image\":{\"@id\":\"https:\/\/www.mbway.pt\/#\/schema\/logo\/image\/\"},\"sameAs\":[\"https:\/\/pt-pt.facebook.com\/mbwaymbnet\/\"]}]}<\/script>\n<!-- \/ Yoast SEO Premium plugin. -->","yoast_head_json":{"title":"Bancos Aderentes APP - MB WAY","description":"MB WAY s\u00e3o as suas compras e transfer\u00eancias imediatas no mesmo s\u00edtio: no seu telem\u00f3vel. Nesta p\u00e1gina saiba tudo sobre: Bancos Aderentes APP","robots":{"index":"noindex","follow":"nofollow"},"og_locale":"pt_PT","og_type":"article","og_title":"Bancos Aderentes APP","og_description":"MB WAY s\u00e3o as suas compras e transfer\u00eancias imediatas no mesmo s\u00edtio: no seu telem\u00f3vel. Nesta p\u00e1gina saiba tudo sobre: Bancos Aderentes APP","og_url":"https:\/\/www.mbway.pt\/pt\/participating-banks-app\/","og_site_name":"MB WAY","article_publisher":"https:\/\/pt-pt.facebook.com\/mbwaymbnet\/","article_modified_time":"2026-03-31T16:35:42+00:00","twitter_card":"summary_large_image","schema":{"@context":"https:\/\/schema.org","@graph":[{"@type":"WebPage","@id":"https:\/\/www.mbway.pt\/pt\/participating-banks-app\/","url":"https:\/\/www.mbway.pt\/pt\/participating-banks-app\/","name":"Bancos Aderentes APP - MB WAY","isPartOf":{"@id":"https:\/\/www.mbway.pt\/#website"},"datePublished":"2020-10-31T10:30:33+00:00","dateModified":"2026-03-31T16:35:42+00:00","description":"MB WAY s\u00e3o as suas compras e transfer\u00eancias imediatas no mesmo s\u00edtio: no seu telem\u00f3vel. Nesta p\u00e1gina saiba tudo sobre: Bancos Aderentes APP","breadcrumb":{"@id":"https:\/\/www.mbway.pt\/pt\/participating-banks-app\/#breadcrumb"},"inLanguage":"pt","potentialAction":[{"@type":"ReadAction","target":["https:\/\/www.mbway.pt\/pt\/participating-banks-app\/"]}]},{"@type":"BreadcrumbList","@id":"https:\/\/www.mbway.pt\/pt\/participating-banks-app\/#breadcrumb","itemListElement":[{"@type":"ListItem","position":1,"name":"In\u00edcio","item":"https:\/\/www.mbway.pt\/"},{"@type":"ListItem","position":2,"name":"Bancos Aderentes APP"}]},{"@type":"WebSite","@id":"https:\/\/www.mbway.pt\/#website","url":"https:\/\/www.mbway.pt\/","name":"MB WAY","description":"Site MB WAY","publisher":{"@id":"https:\/\/www.mbway.pt\/#organization"},"potentialAction":[{"@type":"SearchAction","target":{"@type":"EntryPoint","urlTemplate":"https:\/\/www.mbway.pt\/?s={search_term_string}"},"query-input":{"@type":"PropertyValueSpecification","valueRequired":true,"valueName":"search_term_string"}}],"inLanguage":"pt"},{"@type":"Organization","@id":"https:\/\/www.mbway.pt\/#organization","name":"MB WAY","url":"https:\/\/www.mbway.pt\/","logo":{"@type":"ImageObject","inLanguage":"pt","@id":"https:\/\/www.mbway.pt\/#\/schema\/logo\/image\/","url":"https:\/\/www.mbway.pt\/wp-content\/uploads\/2020\/07\/Logo_MBWay.png","contentUrl":"https:\/\/www.mbway.pt\/wp-content\/uploads\/2020\/07\/Logo_MBWay.png","width":146,"height":72,"caption":"MB WAY"},"image":{"@id":"https:\/\/www.mbway.pt\/#\/schema\/logo\/image\/"},"sameAs":["https:\/\/pt-pt.facebook.com\/mbwaymbnet\/"]}]}},"publishpress_future_workflow_manual_trigger":{"enabledWorkflows":[]},"_links":{"self":[{"href":"https:\/\/www.mbway.pt\/pt\/wp-json\/wp\/v2\/pages\/817274","targetHints":{"allow":["GET"]}}],"collection":[{"href":"https:\/\/www.mbway.pt\/pt\/wp-json\/wp\/v2\/pages"}],"about":[{"href":"https:\/\/www.mbway.pt\/pt\/wp-json\/wp\/v2\/types\/page"}],"author":[{"embeddable":true,"href":"https:\/\/www.mbway.pt\/pt\/wp-json\/wp\/v2\/users\/71"}],"replies":[{"embeddable":true,"href":"https:\/\/www.mbway.pt\/pt\/wp-json\/wp\/v2\/comments?post=817274"}],"version-history":[{"count":1,"href":"https:\/\/www.mbway.pt\/pt\/wp-json\/wp\/v2\/pages\/817274\/revisions"}],"predecessor-version":[{"id":817294,"href":"https:\/\/www.mbway.pt\/pt\/wp-json\/wp\/v2\/pages\/817274\/revisions\/817294"}],"wp:attachment":[{"href":"https:\/\/www.mbway.pt\/pt\/wp-json\/wp\/v2\/media?parent=817274"}],"curies":[{"name":"wp","href":"https:\/\/api.w.org\/{rel}","templated":true}]}}